{"id":1806,"date":"2025-06-29T14:50:15","date_gmt":"2025-06-29T18:50:15","guid":{"rendered":"https:\/\/wahhingtrading.com\/index.php\/product\/qianlietong-pian\/"},"modified":"2025-10-20T21:05:41","modified_gmt":"2025-10-21T01:05:41","slug":"qianlietong-pian","status":"publish","type":"product","link":"https:\/\/wahhingtrading.com\/index.php\/product\/qianlietong-pian\/","title":{"rendered":"Jinkuai Shenqi Wan"},"content":{"rendered":"<p>Tonifica y nutre el Yang del ri\u00f1on, ayudando a transformar el Qi para la buena circulaci\u00f3n del agua para evitar la deficiencia y edema renal, el dolor y las debilidades, tanto en la espalda baja como en las rodillas, y dificultad al orinar.<\/p>\n<p>Contenido:<br \/>\nFrasco de 360 unidades<\/p>\n<p>Uso:<br \/>\nAdultos<br \/>\n15 p\u00edldoras<br \/>\n2 veces al d\u00eda<\/p>\n<p>Descargo de responsabilidad:<br \/>\nAunque en Wah Hing Trading, nos esforzamos por garantizar la exactitud de las im\u00e1genes e informaci\u00f3n de nuestros productos, es posible que algunos cambios de presentaci\u00f3n y\/o ingredientes de los mismos est\u00e9n pendientes de actualizaci\u00f3n en nuestro sitio web. Sin embargo, la frescura de los productos siempre est\u00e1 garantizada. Le recomendamos que lea las etiquetas, advertencias e instrucciones de todos los productos antes de usarlos y que no conf\u00ede \u00fanicamente en la informaci\u00f3n proporcionada por Wah Hing Trading. Por cortes\u00eda hacia nuestros clientes, este sitio web ha sido traducido autom\u00e1ticamente. Asimismo, Wah Hing Trading no garantiza que las traducciones sean completas o est\u00e9n libres de errores y no se hace responsable de los errores u omisiones que puedan producirse en\u00a0la\u00a0traducci\u00f3n.<\/p>\n","protected":false},"excerpt":{"rendered":"<p>Tonifica y nutre el Yang del ri\u00f1on, ayudando a transformar el Qi para la buena circulaci\u00f3n del agua para evitar la deficiencia y edema renal, el dolor y las debilidades, tanto en la espalda baja como en las rodillas, y dificultad al orinar. Contenido: Frasco de 360 unidades Uso: Adultos 15 p\u00edldoras 2 veces al [&hellip;]<\/p>\n","protected":false},"featured_media":2006,"comment_status":"open","ping_status":"closed","template":"","meta":[],"product_brand":[],"product_cat":[50,25],"product_tag":[],"class_list":{"0":"post-1806","1":"product","2":"type-product","3":"status-publish","4":"has-post-thumbnail","6":"product_cat-mtc","7":"product_cat-suplementos","9":"first","10":"instock","11":"shipping-taxable","12":"purchasable","13":"product-type-simple"},"_links":{"self":[{"href":"https:\/\/wahhingtrading.com\/index.php\/wp-json\/wp\/v2\/product\/1806","targetHints":{"allow":["GET"]}}],"collection":[{"href":"https:\/\/wahhingtrading.com\/index.php\/wp-json\/wp\/v2\/product"}],"about":[{"href":"https:\/\/wahhingtrading.com\/index.php\/wp-json\/wp\/v2\/types\/product"}],"replies":[{"embeddable":true,"href":"https:\/\/wahhingtrading.com\/index.php\/wp-json\/wp\/v2\/comments?post=1806"}],"wp:featuredmedia":[{"embeddable":true,"href":"https:\/\/wahhingtrading.com\/index.php\/wp-json\/wp\/v2\/media\/2006"}],"wp:attachment":[{"href":"https:\/\/wahhingtrading.com\/index.php\/wp-json\/wp\/v2\/media?parent=1806"}],"wp:term":[{"taxonomy":"product_brand","embeddable":true,"href":"https:\/\/wahhingtrading.com\/index.php\/wp-json\/wp\/v2\/product_brand?post=1806"},{"taxonomy":"product_cat","embeddable":true,"href":"https:\/\/wahhingtrading.com\/index.php\/wp-json\/wp\/v2\/product_cat?post=1806"},{"taxonomy":"product_tag","embeddable":true,"href":"https:\/\/wahhingtrading.com\/index.php\/wp-json\/wp\/v2\/product_tag?post=1806"}],"curies":[{"name":"wp","href":"https:\/\/api.w.org\/{rel}","templated":true}]}}