{"id":1880,"date":"2025-06-29T14:50:44","date_gmt":"2025-06-29T18:50:44","guid":{"rendered":"https:\/\/wahhingtrading.com\/index.php\/product\/tin-hee-tong\/"},"modified":"2025-10-20T21:05:55","modified_gmt":"2025-10-21T01:05:55","slug":"tin-hee-tong","status":"publish","type":"product","link":"https:\/\/wahhingtrading.com\/index.php\/product\/tin-hee-tong\/","title":{"rendered":"Lecitina (Lecitina de Soja) (Peque\u00f1o)"},"content":{"rendered":"<p>Este poderoso suplemento natural act\u00faa de modo efectivo en las arterias, despejando y eliminando todas las grasas y colesterol acumulado en la sangre, evitando adem\u00e1s que este se obstruya, promoviendo y estimulando el crecimiento de nuevas c\u00e9lulas cerebrales, fortaleciendo la memoria y previniendo el Alzheimer.<\/p>\n<p>Contenido:<br \/>\nFrasco<br \/>\n100 c\u00e1psulas gelatina 1.200 mg<\/p>\n<p>Uso:<br \/>\nAdultos<br \/>\n1 c\u00e1psula<br \/>\n2 veces al d\u00eda <\/p>\n<p>Descargo de responsabilidad:<br \/>\nAunque en Wah Hing Trading, nos esforzamos por garantizar la exactitud de las im\u00e1genes e informaci\u00f3n de nuestros productos, es posible que algunos cambios de presentaci\u00f3n y\/o ingredientes de los mismos est\u00e9n pendientes de actualizaci\u00f3n en nuestro sitio web. Sin embargo, la frescura de los productos siempre est\u00e1 garantizada. Le recomendamos que lea las etiquetas, advertencias e instrucciones de todos los productos antes de usarlos y que no conf\u00ede \u00fanicamente en la informaci\u00f3n proporcionada por Wah Hing Trading. Por cortes\u00eda hacia nuestros clientes, este sitio web ha sido traducido autom\u00e1ticamente. Asimismo, Wah Hing Trading no garantiza que las traducciones sean completas o est\u00e9n libres de errores y no se hace responsable de los errores u omisiones que puedan producirse en\u00a0la\u00a0traducci\u00f3n.<\/p>\n","protected":false},"excerpt":{"rendered":"<p>Este poderoso suplemento natural act\u00faa de modo efectivo en las arterias, despejando y eliminando todas las grasas y colesterol acumulado en la sangre, evitando adem\u00e1s que este se obstruya, promoviendo y estimulando el crecimiento de nuevas c\u00e9lulas cerebrales, fortaleciendo la memoria y previniendo el Alzheimer. Contenido: Frasco 100 c\u00e1psulas gelatina 1.200 mg Uso: Adultos 1 [&hellip;]<\/p>\n","protected":false},"featured_media":2112,"comment_status":"open","ping_status":"closed","template":"","meta":[],"product_brand":[],"product_cat":[25],"product_tag":[],"class_list":{"0":"post-1880","1":"product","2":"type-product","3":"status-publish","4":"has-post-thumbnail","6":"product_cat-suplementos","8":"first","9":"instock","10":"shipping-taxable","11":"purchasable","12":"product-type-simple"},"_links":{"self":[{"href":"https:\/\/wahhingtrading.com\/index.php\/wp-json\/wp\/v2\/product\/1880","targetHints":{"allow":["GET"]}}],"collection":[{"href":"https:\/\/wahhingtrading.com\/index.php\/wp-json\/wp\/v2\/product"}],"about":[{"href":"https:\/\/wahhingtrading.com\/index.php\/wp-json\/wp\/v2\/types\/product"}],"replies":[{"embeddable":true,"href":"https:\/\/wahhingtrading.com\/index.php\/wp-json\/wp\/v2\/comments?post=1880"}],"wp:featuredmedia":[{"embeddable":true,"href":"https:\/\/wahhingtrading.com\/index.php\/wp-json\/wp\/v2\/media\/2112"}],"wp:attachment":[{"href":"https:\/\/wahhingtrading.com\/index.php\/wp-json\/wp\/v2\/media?parent=1880"}],"wp:term":[{"taxonomy":"product_brand","embeddable":true,"href":"https:\/\/wahhingtrading.com\/index.php\/wp-json\/wp\/v2\/product_brand?post=1880"},{"taxonomy":"product_cat","embeddable":true,"href":"https:\/\/wahhingtrading.com\/index.php\/wp-json\/wp\/v2\/product_cat?post=1880"},{"taxonomy":"product_tag","embeddable":true,"href":"https:\/\/wahhingtrading.com\/index.php\/wp-json\/wp\/v2\/product_tag?post=1880"}],"curies":[{"name":"wp","href":"https:\/\/api.w.org\/{rel}","templated":true}]}}