{"id":2129,"date":"2025-07-01T23:44:20","date_gmt":"2025-07-02T03:44:20","guid":{"rendered":"https:\/\/wahhingtrading.com\/index.php\/product\/menopause-te-para-menopausia\/"},"modified":"2025-10-20T21:05:57","modified_gmt":"2025-10-21T01:05:57","slug":"menopause-te-para-menopausia","status":"publish","type":"product","link":"https:\/\/wahhingtrading.com\/index.php\/product\/menopause-te-para-menopausia\/","title":{"rendered":"Menopause (T\u00e9 para Menopausia)"},"content":{"rendered":"<p>Beber t\u00e9 Prince of Peace para la menopausia alivia los s\u00edntomas inc\u00f3modos de la menopausia.<\/p>\n<p>&#8211; La ra\u00edz de ginseng americano ayuda a aliviar los sofocos y la sudoraci\u00f3n nocturna.<br \/>\n&#8211; La ra\u00edz de dong quai mantiene el equilibrio hormonal.<br \/>\n&#8211; El tallo de c\u00farcuma wenyujin favorece la circulaci\u00f3n sangu\u00ednea y calma los cambios leves de estado de \u00e1nimo.<\/p>\n<p>Desde 1983, Prince of Peace ha sido pionero en los productos de t\u00e9s de hierbas orientales en EEUU. Producen t\u00e9s de alta calidad a partir de fuentes naturales. La seguridad, la eficacia y la alta potencia son las marcas registradas de sus t\u00e9s. El t\u00e9 verde de menta Prince of Peace\u00ae fue desarrollado por expertos especializados en suplementos tradicionales chinos. Est\u00e1 elaborado con hierbas de alta calidad, incluida la menta, que aporta una experiencia de t\u00e9 de hierbas refrescante y estimulante.<\/p>\n<p>Uso:<br \/>\nColoque una bolsita de t\u00e9 en un envase de 6 oz. o. taza, agregue agua caliente y d\u00e9jela reposar durante 5-10 minutos antes de beberla. Beba una vez al d\u00eda.<\/p>\n<p>Descargo de responsabilidad:<br \/>\nAunque en Wah Hing Trading, nos esforzamos por garantizar la exactitud de las im\u00e1genes e informaci\u00f3n de nuestros productos, es posible que algunos cambios de presentaci\u00f3n y\/o ingredientes de los mismos est\u00e9n pendientes de actualizaci\u00f3n en nuestro sitio web. Sin embargo, la frescura de los productos siempre est\u00e1 garantizada. Le recomendamos que lea las etiquetas, advertencias e instrucciones de todos los productos antes de usarlos y que no conf\u00ede \u00fanicamente en la informaci\u00f3n proporcionada por Wah Hing Trading. Por cortes\u00eda hacia nuestros clientes, este sitio web ha sido traducido autom\u00e1ticamente. Asimismo, Wah Hing Trading no garantiza que las traducciones sean completas o est\u00e9n libres de errores y no se hace responsable de los errores u omisiones que puedan producirse en\u00a0la\u00a0traducci\u00f3n.<\/p>\n","protected":false},"excerpt":{"rendered":"<p>Beber t\u00e9 Prince of Peace para la menopausia alivia los s\u00edntomas inc\u00f3modos de la menopausia. &#8211; La ra\u00edz de ginseng americano ayuda a aliviar los sofocos y la sudoraci\u00f3n nocturna. &#8211; La ra\u00edz de dong quai mantiene el equilibrio hormonal. &#8211; El tallo de c\u00farcuma wenyujin favorece la circulaci\u00f3n sangu\u00ednea y calma los cambios leves [&hellip;]<\/p>\n","protected":false},"featured_media":2097,"comment_status":"open","ping_status":"closed","template":"","meta":[],"product_brand":[],"product_cat":[25],"product_tag":[],"class_list":{"0":"post-2129","1":"product","2":"type-product","3":"status-publish","4":"has-post-thumbnail","6":"product_cat-suplementos","8":"first","9":"instock","10":"shipping-taxable","11":"purchasable","12":"product-type-simple"},"_links":{"self":[{"href":"https:\/\/wahhingtrading.com\/index.php\/wp-json\/wp\/v2\/product\/2129","targetHints":{"allow":["GET"]}}],"collection":[{"href":"https:\/\/wahhingtrading.com\/index.php\/wp-json\/wp\/v2\/product"}],"about":[{"href":"https:\/\/wahhingtrading.com\/index.php\/wp-json\/wp\/v2\/types\/product"}],"replies":[{"embeddable":true,"href":"https:\/\/wahhingtrading.com\/index.php\/wp-json\/wp\/v2\/comments?post=2129"}],"wp:featuredmedia":[{"embeddable":true,"href":"https:\/\/wahhingtrading.com\/index.php\/wp-json\/wp\/v2\/media\/2097"}],"wp:attachment":[{"href":"https:\/\/wahhingtrading.com\/index.php\/wp-json\/wp\/v2\/media?parent=2129"}],"wp:term":[{"taxonomy":"product_brand","embeddable":true,"href":"https:\/\/wahhingtrading.com\/index.php\/wp-json\/wp\/v2\/product_brand?post=2129"},{"taxonomy":"product_cat","embeddable":true,"href":"https:\/\/wahhingtrading.com\/index.php\/wp-json\/wp\/v2\/product_cat?post=2129"},{"taxonomy":"product_tag","embeddable":true,"href":"https:\/\/wahhingtrading.com\/index.php\/wp-json\/wp\/v2\/product_tag?post=2129"}],"curies":[{"name":"wp","href":"https:\/\/api.w.org\/{rel}","templated":true}]}}