{"id":2134,"date":"2025-07-01T23:44:21","date_gmt":"2025-07-02T03:44:21","guid":{"rendered":"https:\/\/wahhingtrading.com\/index.php\/product\/te-jazmin-454g-lata\/"},"modified":"2025-10-20T21:05:57","modified_gmt":"2025-10-21T01:05:57","slug":"te-jazmin-454g-lata","status":"publish","type":"product","link":"https:\/\/wahhingtrading.com\/index.php\/product\/te-jazmin-454g-lata\/","title":{"rendered":"T\u00e9 Jazmin 454g (Lata)"},"content":{"rendered":"<p>El t\u00e9 de jazm\u00edn es uno de los t\u00e9s verdes de sabor m\u00e1s agradable disponibles en el mercado. Es un t\u00e9 verde con cuerpo sorprendente y un cautivador sabor floral que no se encuentra en ning\u00fan otro t\u00e9 natural. En la nariz, el t\u00e9 seco tiene un ramo floral, que literalmente hace que tus sentidos cobren vida con pensamientos\u00a0agradables.<\/p>\n<p>Descargo de responsabilidad:<br \/>\nAunque en Wah Hing Trading, nos esforzamos por garantizar la exactitud de las im\u00e1genes e informaci\u00f3n de nuestros productos, es posible que algunos cambios de presentaci\u00f3n y\/o ingredientes de los mismos est\u00e9n pendientes de actualizaci\u00f3n en nuestro sitio web. Sin embargo, la frescura de los productos siempre est\u00e1 garantizada. Le recomendamos que lea las etiquetas, advertencias e instrucciones de todos los productos antes de usarlos y que no conf\u00ede \u00fanicamente en la informaci\u00f3n proporcionada por Wah Hing Trading. Por cortes\u00eda hacia nuestros clientes, este sitio web ha sido traducido autom\u00e1ticamente. Asimismo, Wah Hing Trading no garantiza que las traducciones sean completas o est\u00e9n libres de errores y no se hace responsable de los errores u omisiones que puedan producirse en\u00a0la\u00a0traducci\u00f3n.<\/p>\n","protected":false},"excerpt":{"rendered":"<p>El t\u00e9 de jazm\u00edn es uno de los t\u00e9s verdes de sabor m\u00e1s agradable disponibles en el mercado. Es un t\u00e9 verde con cuerpo sorprendente y un cautivador sabor floral que no se encuentra en ning\u00fan otro t\u00e9 natural. En la nariz, el t\u00e9 seco tiene un ramo floral, que literalmente hace que tus sentidos [&hellip;]<\/p>\n","protected":false},"featured_media":2102,"comment_status":"open","ping_status":"closed","template":"","meta":[],"product_brand":[],"product_cat":[25],"product_tag":[],"class_list":{"0":"post-2134","1":"product","2":"type-product","3":"status-publish","4":"has-post-thumbnail","6":"product_cat-suplementos","8":"first","9":"instock","10":"shipping-taxable","11":"purchasable","12":"product-type-simple"},"_links":{"self":[{"href":"https:\/\/wahhingtrading.com\/index.php\/wp-json\/wp\/v2\/product\/2134","targetHints":{"allow":["GET"]}}],"collection":[{"href":"https:\/\/wahhingtrading.com\/index.php\/wp-json\/wp\/v2\/product"}],"about":[{"href":"https:\/\/wahhingtrading.com\/index.php\/wp-json\/wp\/v2\/types\/product"}],"replies":[{"embeddable":true,"href":"https:\/\/wahhingtrading.com\/index.php\/wp-json\/wp\/v2\/comments?post=2134"}],"wp:featuredmedia":[{"embeddable":true,"href":"https:\/\/wahhingtrading.com\/index.php\/wp-json\/wp\/v2\/media\/2102"}],"wp:attachment":[{"href":"https:\/\/wahhingtrading.com\/index.php\/wp-json\/wp\/v2\/media?parent=2134"}],"wp:term":[{"taxonomy":"product_brand","embeddable":true,"href":"https:\/\/wahhingtrading.com\/index.php\/wp-json\/wp\/v2\/product_brand?post=2134"},{"taxonomy":"product_cat","embeddable":true,"href":"https:\/\/wahhingtrading.com\/index.php\/wp-json\/wp\/v2\/product_cat?post=2134"},{"taxonomy":"product_tag","embeddable":true,"href":"https:\/\/wahhingtrading.com\/index.php\/wp-json\/wp\/v2\/product_tag?post=2134"}],"curies":[{"name":"wp","href":"https:\/\/api.w.org\/{rel}","templated":true}]}}