{"id":2171,"date":"2025-08-10T09:37:42","date_gmt":"2025-08-10T13:37:42","guid":{"rendered":"https:\/\/wahhingtrading.com\/index.php\/product\/te-de-cebada\/"},"modified":"2025-10-20T21:05:58","modified_gmt":"2025-10-21T01:05:58","slug":"te-de-cebada","status":"publish","type":"product","link":"https:\/\/wahhingtrading.com\/index.php\/product\/te-de-cebada\/","title":{"rendered":"T\u00e9 de Cebada"},"content":{"rendered":"<p>La cebada ofrece numerosos beneficios para la salud debido a su riqueza en nutrientes, tales como: mejora la digesti\u00f3n, regula los niveles de az\u00facar en la sangre, reduce el colesterol, fortalece el sistema inmunol\u00f3gico, promueve la salud cardiovascular, protege la piel, ayuda a la p\u00e9rdida de peso y proporciona energ\u00eda. <\/p>\n<p>Contenido:<br \/>\n250g<\/p>\n<p>Preparaci\u00f3n:<br \/>\nPoner una cucharadita de t\u00e9 en una taza, agregar agua bien caliente, dejar reposar por 5 min, y listo para tomar.<\/p>\n<p>Descargo de responsabilidad:<br \/>\nAunque en Wah Hing Trading, nos esforzamos por garantizar la exactitud de las im\u00e1genes e informaci\u00f3n de nuestros productos, es posible que algunos cambios de presentaci\u00f3n y\/o ingredientes de los mismos est\u00e9n pendientes de actualizaci\u00f3n en nuestro sitio web. Sin embargo, la frescura de los productos siempre est\u00e1 garantizada. Le recomendamos que lea las etiquetas, advertencias e instrucciones de todos los productos antes de usarlos y que no conf\u00ede \u00fanicamente en la informaci\u00f3n proporcionada por Wah Hing Trading. Por cortes\u00eda hacia nuestros clientes, este sitio web ha sido traducido autom\u00e1ticamente. Asimismo, Wah Hing Trading no garantiza que las traducciones sean completas o est\u00e9n libres de errores y no se hace responsable de los errores u omisiones que puedan producirse en\u00a0la\u00a0traducci\u00f3n.<\/p>\n","protected":false},"excerpt":{"rendered":"<p>La cebada ofrece numerosos beneficios para la salud debido a su riqueza en nutrientes, tales como: mejora la digesti\u00f3n, regula los niveles de az\u00facar en la sangre, reduce el colesterol, fortalece el sistema inmunol\u00f3gico, promueve la salud cardiovascular, protege la piel, ayuda a la p\u00e9rdida de peso y proporciona energ\u00eda. Contenido: 250g Preparaci\u00f3n: Poner una [&hellip;]<\/p>\n","protected":false},"featured_media":2155,"comment_status":"open","ping_status":"closed","template":"","meta":[],"product_brand":[],"product_cat":[25],"product_tag":[],"class_list":{"0":"post-2171","1":"product","2":"type-product","3":"status-publish","4":"has-post-thumbnail","6":"product_cat-suplementos","8":"first","9":"instock","10":"shipping-taxable","11":"purchasable","12":"product-type-simple"},"_links":{"self":[{"href":"https:\/\/wahhingtrading.com\/index.php\/wp-json\/wp\/v2\/product\/2171","targetHints":{"allow":["GET"]}}],"collection":[{"href":"https:\/\/wahhingtrading.com\/index.php\/wp-json\/wp\/v2\/product"}],"about":[{"href":"https:\/\/wahhingtrading.com\/index.php\/wp-json\/wp\/v2\/types\/product"}],"replies":[{"embeddable":true,"href":"https:\/\/wahhingtrading.com\/index.php\/wp-json\/wp\/v2\/comments?post=2171"}],"wp:featuredmedia":[{"embeddable":true,"href":"https:\/\/wahhingtrading.com\/index.php\/wp-json\/wp\/v2\/media\/2155"}],"wp:attachment":[{"href":"https:\/\/wahhingtrading.com\/index.php\/wp-json\/wp\/v2\/media?parent=2171"}],"wp:term":[{"taxonomy":"product_brand","embeddable":true,"href":"https:\/\/wahhingtrading.com\/index.php\/wp-json\/wp\/v2\/product_brand?post=2171"},{"taxonomy":"product_cat","embeddable":true,"href":"https:\/\/wahhingtrading.com\/index.php\/wp-json\/wp\/v2\/product_cat?post=2171"},{"taxonomy":"product_tag","embeddable":true,"href":"https:\/\/wahhingtrading.com\/index.php\/wp-json\/wp\/v2\/product_tag?post=2171"}],"curies":[{"name":"wp","href":"https:\/\/api.w.org\/{rel}","templated":true}]}}