{"id":2576,"date":"2025-11-13T21:26:22","date_gmt":"2025-11-14T01:26:22","guid":{"rendered":"https:\/\/wahhingtrading.com\/index.php\/product\/guarana-ginseng-oral-liquid\/"},"modified":"2025-11-13T21:26:22","modified_gmt":"2025-11-14T01:26:22","slug":"guarana-ginseng-oral-liquid","status":"publish","type":"product","link":"https:\/\/wahhingtrading.com\/index.php\/product\/guarana-ginseng-oral-liquid\/","title":{"rendered":"Guarana &#038; Ginseng (Oral Liquid)"},"content":{"rendered":"<p>Es un suplemento l\u00edquido natural, formulado con extracto de guaran\u00e1 y extracto de ginseng y cafe\u00edna, ideal para qui\u00e9n busca impulso energ\u00e9tico natural y sostenido. La guaran\u00e1 es una semilla originaria de la amazona brasile\u00f1a, conocida por aumentar la energ\u00eda, mejorar la concentraci\u00f3n y favorecer la quema de grasa. El ginseng apoya el sistema inmunol\u00f3gico, mejora la memoria, reduce el estr\u00e9s f\u00edsico y mental, combate la fatiga. Esta combinaci\u00f3n act\u00faa como un potente antioxidante y estimulante natural.<\/p>\n<p>Contenido:<br \/>\n10&#215;10 ml <\/p>\n<p>Uso:<br \/>\nTomar 1 ampolla al d\u00eda. Preferiblemente por la ma\u00f1ana.<\/p>\n<p>Precauci\u00f3n:<br \/>\nNo se recomienda su uso en personas con presi\u00f3n alta, problemas card\u00edacos o trastornos de ansiedad. Mujeres embarazadas o lactando no deben consumir.<\/p>\n<p>Descargo de responsabilidad:<br \/>\nAunque en Wah Hing Trading, nos esforzamos por garantizar la exactitud de las im\u00e1genes e informaci\u00f3n de nuestros productos, es posible que algunos cambios de presentaci\u00f3n y\/o ingredientes de los mismos est\u00e9n pendientes de actualizaci\u00f3n en nuestro sitio web. Sin embargo, la frescura de los productos siempre est\u00e1 garantizada. Le recomendamos que lea las etiquetas, advertencias e instrucciones de todos los productos antes de usarlos y que no conf\u00ede \u00fanicamente en la informaci\u00f3n proporcionada por Wah Hing Trading. Por cortes\u00eda hacia nuestros clientes, este sitio web ha sido traducido autom\u00e1ticamente. Asimismo, Wah Hing Trading no garantiza que las traducciones sean completas o est\u00e9n libres de errores y no se hace responsable de los errores u omisiones que puedan producirse en la traducci\u00f3n.<\/p>\n","protected":false},"excerpt":{"rendered":"<p>Es un suplemento l\u00edquido natural, formulado con extracto de guaran\u00e1 y extracto de ginseng y cafe\u00edna, ideal para qui\u00e9n busca impulso energ\u00e9tico natural y sostenido. La guaran\u00e1 es una semilla originaria de la amazona brasile\u00f1a, conocida por aumentar la energ\u00eda, mejorar la concentraci\u00f3n y favorecer la quema de grasa. El ginseng apoya el sistema inmunol\u00f3gico, [&hellip;]<\/p>\n","protected":false},"featured_media":2557,"comment_status":"open","ping_status":"closed","template":"","meta":[],"product_brand":[],"product_cat":[25],"product_tag":[],"class_list":{"0":"post-2576","1":"product","2":"type-product","3":"status-publish","4":"has-post-thumbnail","6":"product_cat-suplementos","8":"first","9":"instock","10":"shipping-taxable","11":"purchasable","12":"product-type-simple"},"_links":{"self":[{"href":"https:\/\/wahhingtrading.com\/index.php\/wp-json\/wp\/v2\/product\/2576","targetHints":{"allow":["GET"]}}],"collection":[{"href":"https:\/\/wahhingtrading.com\/index.php\/wp-json\/wp\/v2\/product"}],"about":[{"href":"https:\/\/wahhingtrading.com\/index.php\/wp-json\/wp\/v2\/types\/product"}],"replies":[{"embeddable":true,"href":"https:\/\/wahhingtrading.com\/index.php\/wp-json\/wp\/v2\/comments?post=2576"}],"wp:featuredmedia":[{"embeddable":true,"href":"https:\/\/wahhingtrading.com\/index.php\/wp-json\/wp\/v2\/media\/2557"}],"wp:attachment":[{"href":"https:\/\/wahhingtrading.com\/index.php\/wp-json\/wp\/v2\/media?parent=2576"}],"wp:term":[{"taxonomy":"product_brand","embeddable":true,"href":"https:\/\/wahhingtrading.com\/index.php\/wp-json\/wp\/v2\/product_brand?post=2576"},{"taxonomy":"product_cat","embeddable":true,"href":"https:\/\/wahhingtrading.com\/index.php\/wp-json\/wp\/v2\/product_cat?post=2576"},{"taxonomy":"product_tag","embeddable":true,"href":"https:\/\/wahhingtrading.com\/index.php\/wp-json\/wp\/v2\/product_tag?post=2576"}],"curies":[{"name":"wp","href":"https:\/\/api.w.org\/{rel}","templated":true}]}}