{"id":2582,"date":"2025-11-13T21:26:25","date_gmt":"2025-11-14T01:26:25","guid":{"rendered":"https:\/\/wahhingtrading.com\/index.php\/product\/multivitamin-oral-liquid\/"},"modified":"2025-11-13T21:26:25","modified_gmt":"2025-11-14T01:26:25","slug":"multivitamin-oral-liquid","status":"publish","type":"product","link":"https:\/\/wahhingtrading.com\/index.php\/product\/multivitamin-oral-liquid\/","title":{"rendered":"Multivitamin (Oral Liquid)"},"content":{"rendered":"<p>Es un suplemento l\u00edquido dise\u00f1ado para apoyar el mantenimiento de la salud general del cuerpo y fortalecer el sistema inmunol\u00f3gico. Su f\u00f3rmula combina un conjunto completo de vitaminas del grupo B (B1, B2, B6, B12) esenciales para el metabolismo de prote\u00ednas y carbohidratos, la producci\u00f3n de gl\u00f3bulo rojos y blancos, insulina, neurotransmisores y enzimas. Este suplemento ayuda a mejorar la energ\u00eda, la resistencia f\u00edsica, la claridad mental, la concentraci\u00f3n y el bienestar en general, tambi\u00e9n promueve el buen funcionamiento del sistema nervioso central, el sistema inmune y favorece el crecimiento de tejido nervioso y musculares sano. Contribuye a una mejor digesti\u00f3n y absorci\u00f3n de grasas y prote\u00edna, al mismo tiempo que mejora la circulaci\u00f3n y el estado de la salud de la piel.<\/p>\n<p>Contenido:<br \/>\n10&#215;10 ml <\/p>\n<p>Uso:<br \/>\nTomar un frasco al d\u00eda.<\/p>\n<p>Descargo de responsabilidad:<br \/>\nAunque en Wah Hing Trading, nos esforzamos por garantizar la exactitud de las im\u00e1genes e informaci\u00f3n de nuestros productos, es posible que algunos cambios de presentaci\u00f3n y\/o ingredientes de los mismos est\u00e9n pendientes de actualizaci\u00f3n en nuestro sitio web. Sin embargo, la frescura de los productos siempre est\u00e1 garantizada. Le recomendamos que lea las etiquetas, advertencias e instrucciones de todos los productos antes de usarlos y que no conf\u00ede \u00fanicamente en la informaci\u00f3n proporcionada por Wah Hing Trading. Por cortes\u00eda hacia nuestros clientes, este sitio web ha sido traducido autom\u00e1ticamente. Asimismo, Wah Hing Trading no garantiza que las traducciones sean completas o est\u00e9n libres de errores y no se hace responsable de los errores u omisiones que puedan producirse en la traducci\u00f3n.<\/p>\n","protected":false},"excerpt":{"rendered":"<p>Es un suplemento l\u00edquido dise\u00f1ado para apoyar el mantenimiento de la salud general del cuerpo y fortalecer el sistema inmunol\u00f3gico. Su f\u00f3rmula combina un conjunto completo de vitaminas del grupo B (B1, B2, B6, B12) esenciales para el metabolismo de prote\u00ednas y carbohidratos, la producci\u00f3n de gl\u00f3bulo rojos y blancos, insulina, neurotransmisores y enzimas. Este [&hellip;]<\/p>\n","protected":false},"featured_media":2563,"comment_status":"open","ping_status":"closed","template":"","meta":[],"product_brand":[],"product_cat":[25],"product_tag":[],"class_list":{"0":"post-2582","1":"product","2":"type-product","3":"status-publish","4":"has-post-thumbnail","6":"product_cat-suplementos","8":"first","9":"instock","10":"shipping-taxable","11":"purchasable","12":"product-type-simple"},"_links":{"self":[{"href":"https:\/\/wahhingtrading.com\/index.php\/wp-json\/wp\/v2\/product\/2582","targetHints":{"allow":["GET"]}}],"collection":[{"href":"https:\/\/wahhingtrading.com\/index.php\/wp-json\/wp\/v2\/product"}],"about":[{"href":"https:\/\/wahhingtrading.com\/index.php\/wp-json\/wp\/v2\/types\/product"}],"replies":[{"embeddable":true,"href":"https:\/\/wahhingtrading.com\/index.php\/wp-json\/wp\/v2\/comments?post=2582"}],"wp:featuredmedia":[{"embeddable":true,"href":"https:\/\/wahhingtrading.com\/index.php\/wp-json\/wp\/v2\/media\/2563"}],"wp:attachment":[{"href":"https:\/\/wahhingtrading.com\/index.php\/wp-json\/wp\/v2\/media?parent=2582"}],"wp:term":[{"taxonomy":"product_brand","embeddable":true,"href":"https:\/\/wahhingtrading.com\/index.php\/wp-json\/wp\/v2\/product_brand?post=2582"},{"taxonomy":"product_cat","embeddable":true,"href":"https:\/\/wahhingtrading.com\/index.php\/wp-json\/wp\/v2\/product_cat?post=2582"},{"taxonomy":"product_tag","embeddable":true,"href":"https:\/\/wahhingtrading.com\/index.php\/wp-json\/wp\/v2\/product_tag?post=2582"}],"curies":[{"name":"wp","href":"https:\/\/api.w.org\/{rel}","templated":true}]}}