{"id":2591,"date":"2025-11-13T21:26:29","date_gmt":"2025-11-14T01:26:29","guid":{"rendered":"https:\/\/wahhingtrading.com\/index.php\/product\/te-de-ginkgo-biloba\/"},"modified":"2025-11-13T21:26:29","modified_gmt":"2025-11-14T01:26:29","slug":"te-de-ginkgo-biloba","status":"publish","type":"product","link":"https:\/\/wahhingtrading.com\/index.php\/product\/te-de-ginkgo-biloba\/","title":{"rendered":"T\u00e9 de Ginkgo Biloba"},"content":{"rendered":"<p>Es una infusi\u00f3n de hierbas naturales compuesta por hojas de ginkgo biloba y t\u00e9 verde, formulada para apoyar la salud cardiovascular y la circulaci\u00f3n, sus beneficios incluyen la reducci\u00f3n del colesterol en la sangre, triglic\u00e9ridos y grasa corporal, as\u00ed como la mejora del flujo sangu\u00edneo y la oxigenaci\u00f3n del cerebro. Especialmente \u00fatil como apoyo en caso de hipertensi\u00f3n, hiperlipidemia, enfermedades del coraz\u00f3n y sobrepeso.<\/p>\n<p>Contenido:<br \/>\n20 sobres de t\u00e9<\/p>\n<p>Uso:<br \/>\nUn sobre de t\u00e9 al d\u00eda. Verter un sobre de t\u00e9 en una taza, luego agregar agua bien caliente, dejar reposar 5 min, y listo para tomar.<\/p>\n<p>Descargo de responsabilidad:<br \/>\nAunque en Wah Hing Trading, nos esforzamos por garantizar la exactitud de las im\u00e1genes e informaci\u00f3n de nuestros productos, es posible que algunos cambios de presentaci\u00f3n y\/o ingredientes de los mismos est\u00e9n pendientes de actualizaci\u00f3n en nuestro sitio web. Sin embargo, la frescura de los productos siempre est\u00e1 garantizada. Le recomendamos que lea las etiquetas, advertencias e instrucciones de todos los productos antes de usarlos y que no conf\u00ede \u00fanicamente en la informaci\u00f3n proporcionada por Wah Hing Trading. Por cortes\u00eda hacia nuestros clientes, este sitio web ha sido traducido autom\u00e1ticamente. Asimismo, Wah Hing Trading no garantiza que las traducciones sean completas o est\u00e9n libres de errores y no se hace responsable de los errores u omisiones que puedan producirse en la traducci\u00f3n.<\/p>\n","protected":false},"excerpt":{"rendered":"<p>Es una infusi\u00f3n de hierbas naturales compuesta por hojas de ginkgo biloba y t\u00e9 verde, formulada para apoyar la salud cardiovascular y la circulaci\u00f3n, sus beneficios incluyen la reducci\u00f3n del colesterol en la sangre, triglic\u00e9ridos y grasa corporal, as\u00ed como la mejora del flujo sangu\u00edneo y la oxigenaci\u00f3n del cerebro. Especialmente \u00fatil como apoyo en [&hellip;]<\/p>\n","protected":false},"featured_media":2565,"comment_status":"open","ping_status":"closed","template":"","meta":[],"product_brand":[],"product_cat":[25],"product_tag":[],"class_list":{"0":"post-2591","1":"product","2":"type-product","3":"status-publish","4":"has-post-thumbnail","6":"product_cat-suplementos","8":"first","9":"instock","10":"shipping-taxable","11":"purchasable","12":"product-type-simple"},"_links":{"self":[{"href":"https:\/\/wahhingtrading.com\/index.php\/wp-json\/wp\/v2\/product\/2591","targetHints":{"allow":["GET"]}}],"collection":[{"href":"https:\/\/wahhingtrading.com\/index.php\/wp-json\/wp\/v2\/product"}],"about":[{"href":"https:\/\/wahhingtrading.com\/index.php\/wp-json\/wp\/v2\/types\/product"}],"replies":[{"embeddable":true,"href":"https:\/\/wahhingtrading.com\/index.php\/wp-json\/wp\/v2\/comments?post=2591"}],"wp:featuredmedia":[{"embeddable":true,"href":"https:\/\/wahhingtrading.com\/index.php\/wp-json\/wp\/v2\/media\/2565"}],"wp:attachment":[{"href":"https:\/\/wahhingtrading.com\/index.php\/wp-json\/wp\/v2\/media?parent=2591"}],"wp:term":[{"taxonomy":"product_brand","embeddable":true,"href":"https:\/\/wahhingtrading.com\/index.php\/wp-json\/wp\/v2\/product_brand?post=2591"},{"taxonomy":"product_cat","embeddable":true,"href":"https:\/\/wahhingtrading.com\/index.php\/wp-json\/wp\/v2\/product_cat?post=2591"},{"taxonomy":"product_tag","embeddable":true,"href":"https:\/\/wahhingtrading.com\/index.php\/wp-json\/wp\/v2\/product_tag?post=2591"}],"curies":[{"name":"wp","href":"https:\/\/api.w.org\/{rel}","templated":true}]}}